{"id":40,"date":"2016-08-30T15:21:08","date_gmt":"2016-08-30T12:21:08","guid":{"rendered":"http:\/\/lzf.llkc.lv\/?page_id=40"},"modified":"2025-05-14T09:37:40","modified_gmt":"2025-05-14T07:37:40","slug":"par-mums","status":"publish","type":"page","link":"https:\/\/lzf.lv\/?page_id=40","title":{"rendered":"PAR MUMS"},"content":{"rendered":"<p><strong>Biedr\u012bba \u201eLatvijas Zemnieku feder\u0101cija\u201d (LZF)<\/strong><br \/>\nRepublikas laukums 2, R\u012bga, LV \u2013 1010<br \/>\nT\u0101lr. +371 20023813; e-pasts: <a href=\"mailto:info@lzf.lv\">info@lzf.lv<\/a><u>; <\/u><\/p>\n<p>twitter: @LZF_1990<\/p>\n<p>facebook: @biedr\u012bbaLZF<\/p>\n<p>Biedr\u012bba &#8220;Latvijas Zemnieku feder\u0101cija&#8221;\u00a0 ir nevalstiska organiz\u0101cija, kas tika dibin\u0101ta 1990.gad\u0101 ar Zviedrijas Zemnieku Feder\u0101cijas atbalstu un <u>iest\u0101jas par apdz\u012bvotiem un ekonomiski akt\u012bviem Latvijas laukiem<\/u><\/p>\n<p>\u0160obr\u012bd t\u0101 ir pla\u0161\u0101k\u0101 Latvijas lauku iedz\u012bvot\u0101ju un lauku uz\u0146\u0113m\u0113ju intereses p\u0101rst\u0101vo\u0161\u0101 sabiedrisk\u0101 organiz\u0101cija, kas iest\u0101jas par Latvijas lauku, k\u0101 nacion\u0101l\u0101s identit\u0101tes saglab\u0101\u0161anas un att\u012bst\u012bbas pamattelpu, vietu, kas ir emocion\u0101li \u013coti noz\u012bm\u012bga n\u0101cijas v\u0113sturisk\u0101s pa\u0161apzi\u0146as saglab\u0101\u0161anai un cel\u0161anai.<\/p>\n<p>Latvijas Zemnieku feder\u0101cija iest\u0101jas par taisn\u012bg\u0101m un vienl\u012bdz\u012bg\u0101m att\u012bst\u012bbas iesp\u0113j\u0101m visiem Latvijas lauksaimniekiem, \u012bpa\u0161i v\u0113r\u0161ot uzman\u012bbu uz mazo un vid\u0113jo \u0123imenes saimniec\u012bbu salied\u0113\u0161anu, intere\u0161u aizst\u0101v\u012bbu, atbalstiem izaugsmei un to noz\u012bm\u012bgo lomu ilgtsp\u0113j\u012bg\u0101 Latvijas lauku soci\u0101lekonomisk\u0101 att\u012bst\u012bb\u0101.<\/p>\n<p><a href=\"https:\/\/lzf.lv\/wp-content\/uploads\/2025\/05\/LZF-statuti_11042025.pdf\">LZF STAT\u016aTI<\/a><\/p>\n<p><a href=\"http:\/\/lzf.lv\/wp-content\/uploads\/2016\/09\/LZF-\u0112TIKAS-KODEKSS.pdf\" target=\"_blank\" rel=\"noopener noreferrer\">LZF \u0112TIKAS KODEKSS<\/a><\/p>\n<p><strong><a href=\"http:\/\/lzf.lv\/?page_id=108\" target=\"_blank\" rel=\"noopener noreferrer\">LZF biedra iest\u0101\u0161an\u0101s anketa<\/a><\/strong><\/p>\n<p><strong>Organiz\u0101cijas m\u0113r\u0137i ir<\/strong>:<\/p>\n<ul>\n<li>Lauksaimnieku iesaist\u012b\u0161ana lauksaimniec\u012bbas un Lauku att\u012bst\u012bbas politikas veido\u0161an\u0101 un \u012bsteno\u0161an\u0101.<\/li>\n<li>Lauksaimnieku kvalifik\u0101cijas un konkur\u0113tsp\u0113jas paaugstin\u0101\u0161ana.<\/li>\n<li>Vienl\u012bdz\u012bgu konkurences apst\u0101k\u013cu pan\u0101k\u0161ana vienot\u0101 Eiropas Savien\u012bbas telp\u0101 visiem lauksaimniec\u012bbas nozar\u0113 str\u0101d\u0101jo\u0161ajiem.<\/li>\n<li>Veidot izpratni par lauksaimniec\u012bbu un t\u0101s noz\u012bmi sabiedr\u012bb\u0101.<\/li>\n<li>Veidot izpratni par Latvijas laukiem, k\u0101 latvisk\u0101s identit\u0101tes, patriotisma un trad\u012bciju pamatu.<\/li>\n<\/ul>\n<p><strong>Noteiktie uzdevumi m\u0113r\u0137u sasnieg\u0161anai<\/strong>:<\/p>\n<ul>\n<li>Saimnieko\u0161anai trauc\u0113jo\u0161o <strong>probl\u0113mu apzin\u0101\u0161ana<\/strong><\/li>\n<li>LZF <strong>biedru viedok\u013cu apkopo\u0161ana un risin\u0101jumu mekl\u0113\u0161ana<\/strong><\/li>\n<li>LZF<strong> viedok\u013ca aizst\u0101v\u0113\u0161ana un p\u0101rst\u0101v\u0113\u0161ana<\/strong> nozar\u0113, rajon\u0101, re\u0123ion\u0101, valst\u012b un Eiropas Savien\u012bb\u0101<\/li>\n<li><strong>Biedru aktiviz\u0113\u0161ana<\/strong> darb\u012bbai, iesaistot pas\u0101kumos un izgl\u012btojot<\/li>\n<li><strong>Lauksaimnieku konsolid\u0113\u0161ana<\/strong> rajona, valsts un starptautisk\u0101 l\u012bmen\u012b<\/li>\n<li>Saimnieko\u0161anas pieredzi populariz\u0113jo\u0161u semin\u0101ru, ekskursiju, izst\u0101\u017eu, prak\u0161u un konkursu organiz\u0113\u0161ana<\/li>\n<\/ul>\n<p><strong>Latvijas Zemnieku feder\u0101cija ir sekojo\u0161u organiz\u0101ciju biedrs<\/strong>:<\/p>\n<ul>\n<li>European agricultural union<strong>\/<\/strong>General Committee for Agricultural Cooperation\u00a0<a href=\"http:\/\/www.copa-cogeca.be\">(COPA\/COGECA)<\/a><\/li>\n<li>Latvijas Platforma att\u012bst\u012bbas sadarb\u012bbai <a href=\"http:\/\/lapas.lv\/\">(LAPAS)<\/a><\/li>\n<li>Latvijas Darba dev\u0113ju konfeder\u0101cija <a href=\"http:\/\/www.lddk.lv\/\">(LDDK)<\/a><\/li>\n<li>Lauksaimnieku organiz\u0101ciju sadarb\u012bbas padome <a href=\"http:\/\/www.losp.lv\/\">(LOSP)<\/a><\/li>\n<\/ul>\n","protected":false},"excerpt":{"rendered":"<div class=\"mh-excerpt\"><p>Biedr\u012bba \u201eLatvijas Zemnieku feder\u0101cija\u201d (LZF) Republikas laukums 2, R\u012bga, LV \u2013 1010 T\u0101lr. +371 20023813; e-pasts: info@lzf.lv; twitter: @LZF_1990 facebook: <a class=\"mh-excerpt-more\" href=\"https:\/\/lzf.lv\/?page_id=40\" title=\"PAR MUMS\">[&#8230;Las\u012bt vair\u0101k]<\/a><\/p>\n<\/div>","protected":false},"author":1,"featured_media":0,"parent":0,"menu_order":0,"comment_status":"closed","ping_status":"closed","template":"","meta":{"footnotes":""},"class_list":["post-40","page","type-page","status-publish","hentry"],"_links":{"self":[{"href":"https:\/\/lzf.lv\/index.php?rest_route=\/wp\/v2\/pages\/40","targetHints":{"allow":["GET"]}}],"collection":[{"href":"https:\/\/lzf.lv\/index.php?rest_route=\/wp\/v2\/pages"}],"about":[{"href":"https:\/\/lzf.lv\/index.php?rest_route=\/wp\/v2\/types\/page"}],"author":[{"embeddable":true,"href":"https:\/\/lzf.lv\/index.php?rest_route=\/wp\/v2\/users\/1"}],"replies":[{"embeddable":true,"href":"https:\/\/lzf.lv\/index.php?rest_route=%2Fwp%2Fv2%2Fcomments&post=40"}],"version-history":[{"count":16,"href":"https:\/\/lzf.lv\/index.php?rest_route=\/wp\/v2\/pages\/40\/revisions"}],"predecessor-version":[{"id":4905,"href":"https:\/\/lzf.lv\/index.php?rest_route=\/wp\/v2\/pages\/40\/revisions\/4905"}],"wp:attachment":[{"href":"https:\/\/lzf.lv\/index.php?rest_route=%2Fwp%2Fv2%2Fmedia&parent=40"}],"curies":[{"name":"wp","href":"https:\/\/api.w.org\/{rel}","templated":true}]}}