{"id":45,"date":"2016-08-30T15:50:25","date_gmt":"2016-08-30T12:50:25","guid":{"rendered":"http:\/\/lzf.llkc.lv\/?page_id=45"},"modified":"2026-03-25T16:08:23","modified_gmt":"2026-03-25T14:08:23","slug":"valde","status":"publish","type":"page","link":"https:\/\/lzf.lv\/?page_id=45","title":{"rendered":"LZF valde"},"content":{"rendered":"\n<div class=\"wp-block-columns is-layout-flex wp-container-core-columns-is-layout-1 wp-block-columns-is-layout-flex\">\n<div class=\"wp-block-column is-layout-flow wp-block-column-is-layout-flow\" style=\"flex-basis:100%\">\n<table style=\"height: 191px;\" width=\"457\">\n<tbody>\n<tr>\n<td width=\"444\">Agita Hauka, valdes priek\u0161s\u0113d\u0113t\u0101ja<\/td>\n<\/tr>\n<tr>\n<td width=\"444\">M\u0101ra Paegl\u012bte<\/td>\n<\/tr>\n<tr>\n<td width=\"444\">M\u0101r\u012bte Fokina<\/td>\n<\/tr>\n<tr>\n<td width=\"444\">M\u0101ris Leitlants<\/td>\n<\/tr>\n<tr>\n<td width=\"444\">M\u0101rti\u0146\u0161 Cimermanis<\/td>\n<\/tr>\n<tr>\n<td width=\"444\"><\/td>\n<\/tr>\n<tr>\n<td width=\"444\"><\/td>\n<\/tr>\n<\/tbody>\n<\/table>\n<\/div>\n<\/div>\n\n\n\n<p><\/p>\n","protected":false},"excerpt":{"rendered":"<div class=\"mh-excerpt\"><p>Agita Hauka, valdes priek\u0161s\u0113d\u0113t\u0101ja M\u0101ra Paegl\u012bte M\u0101r\u012bte Fokina M\u0101ris Leitlants M\u0101rti\u0146\u0161 Cimermanis<\/p>\n<\/div>","protected":false},"author":1,"featured_media":0,"parent":40,"menu_order":0,"comment_status":"closed","ping_status":"closed","template":"","meta":{"footnotes":""},"class_list":["post-45","page","type-page","status-publish","hentry"],"_links":{"self":[{"href":"https:\/\/lzf.lv\/index.php?rest_route=\/wp\/v2\/pages\/45","targetHints":{"allow":["GET"]}}],"collection":[{"href":"https:\/\/lzf.lv\/index.php?rest_route=\/wp\/v2\/pages"}],"about":[{"href":"https:\/\/lzf.lv\/index.php?rest_route=\/wp\/v2\/types\/page"}],"author":[{"embeddable":true,"href":"https:\/\/lzf.lv\/index.php?rest_route=\/wp\/v2\/users\/1"}],"replies":[{"embeddable":true,"href":"https:\/\/lzf.lv\/index.php?rest_route=%2Fwp%2Fv2%2Fcomments&post=45"}],"version-history":[{"count":8,"href":"https:\/\/lzf.lv\/index.php?rest_route=\/wp\/v2\/pages\/45\/revisions"}],"predecessor-version":[{"id":5158,"href":"https:\/\/lzf.lv\/index.php?rest_route=\/wp\/v2\/pages\/45\/revisions\/5158"}],"up":[{"embeddable":true,"href":"https:\/\/lzf.lv\/index.php?rest_route=\/wp\/v2\/pages\/40"}],"wp:attachment":[{"href":"https:\/\/lzf.lv\/index.php?rest_route=%2Fwp%2Fv2%2Fmedia&parent=45"}],"curies":[{"name":"wp","href":"https:\/\/api.w.org\/{rel}","templated":true}]}}