{"id":64,"date":"2016-08-30T16:16:48","date_gmt":"2016-08-30T13:16:48","guid":{"rendered":"http:\/\/lzf.llkc.lv\/?page_id=64"},"modified":"2026-03-25T16:00:04","modified_gmt":"2026-03-25T14:00:04","slug":"par-mums","status":"publish","type":"page","link":"https:\/\/lzf.lv\/?page_id=64","title":{"rendered":"LZF padome"},"content":{"rendered":"<table style=\"height: 454px;\" width=\"451\">\n<tbody>\n<tr>\n<td width=\"444\">Biedr\u012bba &#8220;Ga\u013cas liellopu audz\u0113t\u0101ju biedr\u012bba&#8221;<\/td>\n<\/tr>\n<tr>\n<td width=\"444\">Biedr\u012bba &#8220;Latvijas aug\u013ckopju asoci\u0101cija&#8221;<\/td>\n<\/tr>\n<tr>\n<td width=\"444\">Biedr\u012bba &#8220;Latvijas Bi\u0161kop\u012bbas biedr\u012bba&#8221;<\/td>\n<\/tr>\n<tr>\n<td width=\"444\">Biedr\u012bba &#8220;Latvijas Me\u017ea \u012bpa\u0161nieku biedr\u012bba&#8221;<\/td>\n<\/tr>\n<tr>\n<td width=\"444\">Biedr\u012bba \u201cBiolo\u0123isko lauksaimnieku un savva\u013cas dz\u012bvnieku audz\u0113t\u0101ju asoci\u0101cija\u201d<\/td>\n<\/tr>\n<tr>\n<td width=\"444\">Biedr\u012bba \u00a0&#8220;Latvijas Aitu audz\u0113t\u0101ju asoci\u0101cija&#8221;<\/td>\n<\/tr>\n<tr>\n<td width=\"444\">Biedr\u012bba &#8220;Latvijas Mazpulki&#8221;<\/td>\n<\/tr>\n<tr>\n<td width=\"444\">Biedr\u012bba &#8220;Daugavpils lauksaimnieku apvien\u012bba&#8221;<\/td>\n<\/tr>\n<tr>\n<td width=\"444\">Biedr\u012bba &#8220;Kr\u0101slavas rajona lauksaimnieku apvien\u012bba&#8221;<\/td>\n<\/tr>\n<tr>\n<td width=\"444\">Biedr\u012bba &#8220;Latgales lopkop\u012bbas biedr\u012bba&#8221;<\/td>\n<\/tr>\n<tr>\n<td width=\"444\">Biedr\u012bba &#8220;Limba\u017eu zemnieku biedr\u012bba&#8221;<\/td>\n<\/tr>\n<tr>\n<td width=\"444\">Biedr\u012bba &#8220;Madonas lauksaimnieku apvien\u012bba&#8221;<\/td>\n<\/tr>\n<tr>\n<td width=\"444\">Biedr\u012bba &#8220;Pier\u012bgas lauku uz\u0146\u0113m\u0113ju biedr\u012bba&#8221;<\/td>\n<\/tr>\n<tr>\n<td width=\"444\">Biedr\u012bba &#8220;Prei\u013cu lauksaimnieku apvien\u012bba&#8221;<\/td>\n<\/tr>\n<tr>\n<td width=\"444\"><\/td>\n<\/tr>\n<tr>\n<td width=\"444\"><\/td>\n<\/tr>\n<tr>\n<td width=\"444\"><\/td>\n<\/tr>\n<\/tbody>\n<\/table>\n","protected":false},"excerpt":{"rendered":"<div class=\"mh-excerpt\"><p>Biedr\u012bba &#8220;Ga\u013cas liellopu audz\u0113t\u0101ju biedr\u012bba&#8221; Biedr\u012bba &#8220;Latvijas aug\u013ckopju asoci\u0101cija&#8221; Biedr\u012bba &#8220;Latvijas Bi\u0161kop\u012bbas biedr\u012bba&#8221; Biedr\u012bba &#8220;Latvijas Me\u017ea \u012bpa\u0161nieku biedr\u012bba&#8221; Biedr\u012bba \u201cBiolo\u0123isko <a class=\"mh-excerpt-more\" href=\"https:\/\/lzf.lv\/?page_id=64\" title=\"LZF padome\">[&#8230;Las\u012bt vair\u0101k]<\/a><\/p>\n<\/div>","protected":false},"author":1,"featured_media":0,"parent":40,"menu_order":0,"comment_status":"closed","ping_status":"closed","template":"","meta":{"footnotes":""},"class_list":["post-64","page","type-page","status-publish","hentry"],"_links":{"self":[{"href":"https:\/\/lzf.lv\/index.php?rest_route=\/wp\/v2\/pages\/64","targetHints":{"allow":["GET"]}}],"collection":[{"href":"https:\/\/lzf.lv\/index.php?rest_route=\/wp\/v2\/pages"}],"about":[{"href":"https:\/\/lzf.lv\/index.php?rest_route=\/wp\/v2\/types\/page"}],"author":[{"embeddable":true,"href":"https:\/\/lzf.lv\/index.php?rest_route=\/wp\/v2\/users\/1"}],"replies":[{"embeddable":true,"href":"https:\/\/lzf.lv\/index.php?rest_route=%2Fwp%2Fv2%2Fcomments&post=64"}],"version-history":[{"count":15,"href":"https:\/\/lzf.lv\/index.php?rest_route=\/wp\/v2\/pages\/64\/revisions"}],"predecessor-version":[{"id":5155,"href":"https:\/\/lzf.lv\/index.php?rest_route=\/wp\/v2\/pages\/64\/revisions\/5155"}],"up":[{"embeddable":true,"href":"https:\/\/lzf.lv\/index.php?rest_route=\/wp\/v2\/pages\/40"}],"wp:attachment":[{"href":"https:\/\/lzf.lv\/index.php?rest_route=%2Fwp%2Fv2%2Fmedia&parent=64"}],"curies":[{"name":"wp","href":"https:\/\/api.w.org\/{rel}","templated":true}]}}