{"id":815,"date":"2017-08-31T10:21:34","date_gmt":"2017-08-31T08:21:34","guid":{"rendered":"http:\/\/lzf.lv\/?page_id=815"},"modified":"2017-12-11T15:04:25","modified_gmt":"2017-12-11T13:04:25","slug":"nolikums","status":"publish","type":"page","link":"https:\/\/lzf.lv\/?page_id=815","title":{"rendered":"Nolikums"},"content":{"rendered":"<p><a href=\"http:\/\/lzf.lv\/wp-content\/uploads\/2017\/12\/Nolikums.pdf\">Nolikums\u00a0(pdf)<\/a><\/p>\n<p>NOLIKUMS<\/p>\n<p>1. VISP\u0100R\u0112JIE NOTEIKUMI<br \/>\n1.1. Konkursa r\u012bkot\u0101ji: biedr\u012bba \u201cLatvijas Zemnieku feder\u0101cija\u201d (turpm\u0101k \u2013 LZF).<br \/>\n1.2. Konkursa informat\u012bvie partneri: Latvijas Av\u012bze, Agrotops,\u00a0port\u0101ls Laukos.lv .<br \/>\n1.3. Konkursu finans\u0113 Eiropas Parlamenta deput\u0101te Sandra Kalniete un Zemkop\u012bbas ministrija.<br \/>\n1.4. Konkursa kontaktpersonas: LZF biroja vad\u012bt\u0101ja Aiga Kuzma, t\u0101lr.: 26536985; e-pasts: info@lzf.lv un Eiropas Parlamenta deput\u0101tes Sandras Kalnietes asistents J\u0101nis Karalis, t\u0101lr.: 29715772; e-pasts: janis.karalis@gmail.com.<br \/>\n1.5. Konkursa aktivit\u0101tes un pas\u0101kumi, k\u0101 ar\u012b konkr\u0113ti to norises laiki un vietas tiks public\u0113ti LZF m\u0101jas lap\u0101 www.lzf.lv.<br \/>\n1.6. Konkursa nolikums elektroniski pieejams LZF m\u0101jas lap\u0101 www.lzf.lv.<\/p>\n<p>2. KONKURSA NORISES LAIKS<br \/>\n2.1. No 2017. gada 5. septembra l\u012bdz 2018. gada 25.janv\u0101rim.<\/p>\n<p>3. KONKURSA M\u0112R\u0136I<br \/>\n3.1. Populariz\u0113t Latvijas laukus, par\u0101dot v\u0113rt\u012bbas, ar kur\u0101m lepojamies \u2013 lauku s\u0113tas skaistumu un unikalit\u0101ti, zemnieka darbu un t\u0101 att\u012bst\u012bbu cauri gadsimtiem, k\u0101 ar\u012b Latvijas lauku ainavas skaistumu ikviena m\u0101kslinieka ac\u012bm.<br \/>\n3.2. Noteikt interesant\u0101kos, saisto\u0161\u0101kos divu fotogr\u0101fiju salikumus \u2013 viena fotogr\u0101fija uz\u0146emta \u0161aj\u0101 gadsimt\u0101, otra \u2013 iepriek\u0161\u0113j\u0101 gadsimta s\u0101kum\u0101. Fotogr\u0101fiju salikumu t\u0113mas: \u201cZemnieka darbs cauri gadsimtiem\u201d un \u201cLauku s\u0113ta cauri gadsimtiem\u201d (fotogr\u0101fiju salikuma paraugs skat\u0101ms www.lzf.lv sada\u013c\u0101 \u201cKonkurss \u201cLatvijas lauki gadsimtu grie\u017eos\u201d\u201d).<br \/>\n3.3. Noteikt skaist\u0101ko z\u012bm\u0113jumu vai gleznojumu par t\u0113mu \u201eLatvijas lauku ainava\u201d.<\/p>\n<p>4. KONKURSA DAL\u012aBNIEKI<br \/>\n4.1. Konkurs\u0101 dr\u012bkst piedal\u012bties ikviens Latvijas iedz\u012bvot\u0101js.<br \/>\n4.2. Konkurs\u0101 nedr\u012bkst piedal\u012bties konkursa organiz\u0113\u0161an\u0101 iesaist\u012bt\u0101s personas, \u017e\u016brijas locek\u013ci, k\u0101 ar\u012b vi\u0146u \u0123imenes locek\u013ci.<\/p>\n<p>5. KONKURSA DARBU PRAS\u012aBAS<br \/>\n5.1. Konkursam var iesniegt darbus, kas veidoti, nep\u0101rk\u0101pjot autorties\u012bbas un citus normat\u012bvos aktus. Likuma p\u0101rk\u0101puma gad\u012bjum\u0101 visu atbild\u012bbu par darba saturu nes t\u0101 autors.<br \/>\n5.2. Autors ir atbild\u012bgs par vis\u0101m sek\u0101m, kas var rasties, ies\u016btot darbus publiskam konkursam.<br \/>\n5.3. Viens dal\u012bbnieks dr\u012bkst iesniegt ne vair\u0101k k\u0101 vienu darbu katrai no 3 nomin\u0101cij\u0101m:<br \/>\n\u2022 fotogr\u0101fiju salikums \u201cZemnieka darbs cauri gadsimtiem\u201d;<br \/>\n\u2022 fotogr\u0101fiju salikums \u201cLauku s\u0113ta cauri gadsimtiem\u201d;<br \/>\n\u2022 z\u012bm\u0113jums vai gleznojums \u201eLatvijas lauku ainava\u201d.<br \/>\n5.4. Darbi var b\u016bt gan kr\u0101saini, gan melnbalti.<br \/>\n5.5. Darb\u0101 redzamais nedr\u012bkst p\u0101rk\u0101pt visp\u0101rpie\u0146emt\u0101s mor\u0101les un piekl\u0101j\u012bbas normas un past\u0101vo\u0161o likumdo\u0161anu.<br \/>\n5.6. Fotogr\u0101fijas (gan \u0161\u0101, gan iepriek\u0161\u0113j\u0101 gadsimta) lielums 210 x 297 mm (A4).<br \/>\n5.7. Z\u012bm\u0113juma, gleznojuma lielums 297 x 420 mm (A3).<\/p>\n<p>6. PIETEIK\u0160AN\u0100S UN DARBU IESNIEG\u0160ANAS K\u0100RT\u012aBA<br \/>\n6.1. Autors darbu iesniedz kop\u0101 ar aizpild\u012btu pieteikuma anketu (skat. 1.pielikumu), s\u016btot pa pastu sl\u0113gt\u0101 aploksn\u0113 ar nor\u0101di: konkursam \u201cLatvijas lauki gadsimtu grie\u017eos\u201d, biedr\u012bbai \u201eLatvijas Zemnieku feder\u0101cija\u201d, Republikas laukums 2, R\u012bga, LV-1010 (pasta z\u012bmogs 25.01.2018). V\u0113l\u0101k iesniegtie darbi konkurs\u0101 nepiedal\u0101s.<br \/>\n6.2. Konkursa pieteikuma anketa pieejama elektroniski LZF m\u0101jas lap\u0101 www.lzf.lv sada\u013c\u0101 \u201cKonkurss \u201eLatvijas lauki gadsimtu grie\u017eos\u201d\u201d.<br \/>\n6.3. Fotogr\u0101fijas, kas iesniegtas digit\u0101l\u0101 datu nes\u0113j\u0101 vai elektroniski, netiks pie\u0146emtas.<\/p>\n<p>7. IESNIEGTO DARBU PUBLIC\u0112\u0160ANAS UN IZST\u0100D\u012a\u0160ANAS K\u0100RT\u012aBA<br \/>\n7.1. Visi konkursam iesniegtie darbi paliek r\u012bkot\u0101ju \u012bpa\u0161um\u0101 un, atsaucoties uz autoru, var tikt izmantoti publik\u0101cij\u0101s.<br \/>\n7.2. Konkursa r\u012bkot\u0101js garant\u0113 nenodot darbus tre\u0161aj\u0101m person\u0101m bez saska\u0146ojuma ar darba autoru, ja tas saist\u012bts ar darbu izmanto\u0161anu komercdarb\u012bb\u0101.<br \/>\n7.3. Konkursam iesniegtos darbus atpaka\u013c neizsniedz.<br \/>\n7.4. Konkursa lab\u0101kie darbi b\u016bs apskat\u0101mi izst\u0101d\u0113 Likte\u0146d\u0101rza daudzfunkcion\u0101laj\u0101 sabiedriskaj\u0101 \u0113k\u0101 no 2018. gada 4. maija l\u012bdz 2018. gada 4. j\u016blijam, k\u0101 ar\u012b Zemkop\u012bbas ministrijas \u0113k\u0101 no 2018. gada septembra l\u012bdz 2018. gada oktobrim (izst\u0101des norises laiks var main\u012bties). Pl\u0101nots, ka izst\u0101de ce\u013cos pa Latvijas kult\u016bras centriem un izst\u0101\u017eu viet\u0101m.<br \/>\n7.5. Konkursa autoru darbu izst\u0101des atkl\u0101\u0161an\u0101 2018. gada 4. maij\u0101 Likte\u0146d\u0101rza daudzfunkcion\u0101laj\u0101 sabiedriskaj\u0101 \u0113k\u0101 notiks skat\u012bt\u0101ju simp\u0101tijas balvas konkurss.<br \/>\n7.6. Konkursa r\u012bkot\u0101ji patur ties\u012bbas izst\u0101d\u0113 neizlikt darbus, kas neatbilst nolikuma pras\u012bb\u0101m, ar zemu m\u0101ksliniecisko un tehnisko kvalit\u0101ti, k\u0101 ar\u012b mont\u0113tus darbus.<\/p>\n<p>8. KONKURSA \u017d\u016aRIJA UN DARBU V\u0112RT\u0112\u0160ANA<br \/>\n8.1. Konkursa darbus izv\u0113rt\u0113s \u017e\u016brija, kuras sast\u0101v\u0101 ir 8 da\u017e\u0101du nozaru p\u0101rst\u0101vji:<br \/>\n\u2022 Agita Hauka, biedr\u012bbas \u201cLatvijas Zemnieku feder\u0101cija\u201d valdes priek\u0161s\u0113d\u0113t\u0101ja;<br \/>\n\u2022 Sandra Kalniete, Eiropas Parlamenta deput\u0101te;<br \/>\n\u2022 J\u0101nis D\u016bklavs, LR Zemkop\u012bbas ministrs;<br \/>\n\u2022 Vilis V\u012btols, \u201eKokneses fonda\u201d padomes priek\u0161s\u0113d\u0113t\u0101js;<br \/>\n\u2022 Aiva V\u012bksna, biedr\u012bbas \u201cL\u012bdere\u201d valdes priek\u0161s\u0113d\u0113t\u0101ja;<br \/>\n\u2022 Maija Migla, LTV 1 \u017eurn\u0101liste;<br \/>\n\u2022 Anita Pirkti\u0146a, \u017eurn\u0101la \u201eAgroTops\u201d redaktore;<br \/>\n\u2022 D\u017eemma Skulme, izcila latvie\u0161u m\u0101ksliniece.<br \/>\n8.2. \u017d\u016brija iesniegtos darbus izv\u0113rt\u0113 l\u012bdz 2018. gada 28. febru\u0101rim.<br \/>\n8.3. Iesniegtos darbus \u017e\u016brija v\u0113rt\u0113s p\u0113c sekojo\u0161iem krit\u0113rijiem:<br \/>\n\u2022 atbilst\u012bba konkursa m\u0113r\u0137im;<br \/>\n\u2022 m\u0101kslinieciskais un tehniskais izpild\u012bjums (kopskats, uztveram\u012bba, kvalit\u0101te);<br \/>\n\u2022 darba saturs (idejas ori\u0123inalit\u0101te, emocion\u0101lais aspekts, st\u0101sta kvalit\u0101te);<\/p>\n<p>9. KONKURSA REZULT\u0100TI UN BALVAS<br \/>\n9.1. Katras konkursa nomin\u0101cijas (fotogr\u0101fiju salikums \u201cZemnieka darbs cauri gadsimtiem\u201d; fotogr\u0101fiju salikums \u201cLauku s\u0113ta cauri gadsimtiem\u201d; z\u012bm\u0113jums vai gleznojums \u201eLatvijas lauku ainava\u201d) uzvar\u0113t\u0101ji tiek noteikti, apkopojot visu konkursa \u017e\u016brijas p\u0101rst\u0101vju v\u0113rt\u0113jumu.<br \/>\n9.2. Katras nomin\u0101cijas tr\u012bs lab\u0101ko darbu autori ieg\u016bs iesp\u0113ju apmekl\u0113t Eiropas Parlamentu Brisel\u0113 2018. gada ruden\u012b.<br \/>\n9.3. Autoram, kura darbs skat\u012bt\u0101ju balsojum\u0101 izst\u0101des atkl\u0101\u0161anas pas\u0101kum\u0101 sa\u0146ems visliel\u0101ko balsu skaitu, tiek pie\u0161\u0137irta simp\u0101tiju balva \u2013 m\u0101kslinieces D\u017eemmas Skulmes glezna.<br \/>\n9.4. Konkursa \u017e\u016brija var lemt par papildu atzin\u012bbu un\/vai balvas pie\u0161\u0137ir\u0161anu darbu autoriem.<br \/>\n9.5. Balvu pasnieg\u0161ana notiks 2018. gada 4. maij\u0101 Likte\u0146d\u0101rza daudzfunkcion\u0101laj\u0101 sabiedriskaj\u0101 \u0113k\u0101. Par t\u0101s norisi konkursa r\u012bkot\u0101ji savlaic\u012bgi inform\u0113s darbu autorus.<\/p>\n<p>10. PAPILDU INFORM\u0100CIJA<br \/>\nPapildu inform\u0101ciju var sa\u0146emt, rakstot uz e-pastu: info@lzf.lv.<\/p>\n","protected":false},"excerpt":{"rendered":"<div class=\"mh-excerpt\"><p>Nolikums\u00a0(pdf) NOLIKUMS 1. VISP\u0100R\u0112JIE NOTEIKUMI 1.1. Konkursa r\u012bkot\u0101ji: biedr\u012bba \u201cLatvijas Zemnieku feder\u0101cija\u201d (turpm\u0101k \u2013 LZF). 1.2. Konkursa informat\u012bvie partneri: Latvijas <a class=\"mh-excerpt-more\" href=\"https:\/\/lzf.lv\/?page_id=815\" title=\"Nolikums\">[&#8230;Las\u012bt vair\u0101k]<\/a><\/p>\n<\/div>","protected":false},"author":1,"featured_media":0,"parent":776,"menu_order":0,"comment_status":"closed","ping_status":"closed","template":"","meta":{"footnotes":""},"class_list":["post-815","page","type-page","status-publish","hentry"],"_links":{"self":[{"href":"https:\/\/lzf.lv\/index.php?rest_route=\/wp\/v2\/pages\/815","targetHints":{"allow":["GET"]}}],"collection":[{"href":"https:\/\/lzf.lv\/index.php?rest_route=\/wp\/v2\/pages"}],"about":[{"href":"https:\/\/lzf.lv\/index.php?rest_route=\/wp\/v2\/types\/page"}],"author":[{"embeddable":true,"href":"https:\/\/lzf.lv\/index.php?rest_route=\/wp\/v2\/users\/1"}],"replies":[{"embeddable":true,"href":"https:\/\/lzf.lv\/index.php?rest_route=%2Fwp%2Fv2%2Fcomments&post=815"}],"version-history":[{"count":7,"href":"https:\/\/lzf.lv\/index.php?rest_route=\/wp\/v2\/pages\/815\/revisions"}],"predecessor-version":[{"id":1042,"href":"https:\/\/lzf.lv\/index.php?rest_route=\/wp\/v2\/pages\/815\/revisions\/1042"}],"up":[{"embeddable":true,"href":"https:\/\/lzf.lv\/index.php?rest_route=\/wp\/v2\/pages\/776"}],"wp:attachment":[{"href":"https:\/\/lzf.lv\/index.php?rest_route=%2Fwp%2Fv2%2Fmedia&parent=815"}],"curies":[{"name":"wp","href":"https:\/\/api.w.org\/{rel}","templated":true}]}}